{"id":5,"date":"2010-08-16T16:04:27","date_gmt":"2010-08-16T16:04:27","guid":{"rendered":"http:\/\/www.tissot-architecture.ch\/?page_id=5"},"modified":"2010-08-24T20:26:51","modified_gmt":"2010-08-24T20:26:51","slug":"atelier","status":"publish","type":"page","link":"http:\/\/www.tissot-architecture.ch\/?page_id=5","title":{"rendered":"Atelier"},"content":{"rendered":"<h4>Domaine d&rsquo;activit\u00e9s<\/h4>\n<p>Nous sommes un atelier d&rsquo;architectes travaillant principalement pour des personnes motiv\u00e9es \u00e0 construire au plus pr\u00e8s de leurs aspirations \u00e0 un prix abordable et ayant un esprit ouvert \u00e0 l&rsquo;architecture contemporaine.<\/p>\n<h4>R\u00e9alisations et constructions<\/h4>\n<li>Maisons individuelles ou jumel\u00e9es<\/li>\n<li>Transformations<\/li>\n<li>Constructions en brique ou (et) en bois<\/li>\n<li>Pr\u00e9fabrication<\/li>\n<li>Habitations avec label Minergie<\/li>\n<p>\u00a0<\/p>\n<h4>Comp\u00e9tences<\/h4>\n<li>Savoir-faire et cr\u00e9ativit\u00e9<\/li>\n<li>20 ans d&rsquo;exp\u00e9rience<\/li>\n<li>Flexibilit\u00e9, adaptation aux programmes et aux sites<\/li>\n<li>Mise en valeur de la lumi\u00e8re et de points de vue privil\u00e9gi\u00e9s sur le paysage<\/li>\n<li>Co\u00fbts optimis\u00e9s et garantis<\/li>\n<p>\u00a0<\/p>\n<h4>Une question ?<\/h4>\n<p>Vous pouvez nous contacter directement au moyen du formulaire ci-dessous.<\/p>\n","protected":false},"excerpt":{"rendered":"<p>Domaine d&rsquo;activit\u00e9s Nous sommes un atelier d&rsquo;architectes travaillant principalement pour des personnes motiv\u00e9es \u00e0 construire au plus pr\u00e8s de leurs aspirations \u00e0 un prix abordable et ayant un esprit ouvert \u00e0 l&rsquo;architecture contemporaine. R\u00e9alisations et constructions Maisons individuelles ou jumel\u00e9es Transformations Constructions en brique ou (et) en bois Pr\u00e9fabrication Habitations avec label Minergie \u00a0 Comp\u00e9tences [&hellip;]<\/p>\n","protected":false},"author":1,"featured_media":0,"parent":0,"menu_order":1,"comment_status":"closed","ping_status":"closed","template":"contact-form.php","meta":{"ngg_post_thumbnail":0,"footnotes":""},"_links":{"self":[{"href":"http:\/\/www.tissot-architecture.ch\/index.php?rest_route=\/wp\/v2\/pages\/5"}],"collection":[{"href":"http:\/\/www.tissot-architecture.ch\/index.php?rest_route=\/wp\/v2\/pages"}],"about":[{"href":"http:\/\/www.tissot-architecture.ch\/index.php?rest_route=\/wp\/v2\/types\/page"}],"author":[{"embeddable":true,"href":"http:\/\/www.tissot-architecture.ch\/index.php?rest_route=\/wp\/v2\/users\/1"}],"replies":[{"embeddable":true,"href":"http:\/\/www.tissot-architecture.ch\/index.php?rest_route=%2Fwp%2Fv2%2Fcomments&post=5"}],"version-history":[{"count":17,"href":"http:\/\/www.tissot-architecture.ch\/index.php?rest_route=\/wp\/v2\/pages\/5\/revisions"}],"predecessor-version":[{"id":23,"href":"http:\/\/www.tissot-architecture.ch\/index.php?rest_route=\/wp\/v2\/pages\/5\/revisions\/23"}],"wp:attachment":[{"href":"http:\/\/www.tissot-architecture.ch\/index.php?rest_route=%2Fwp%2Fv2%2Fmedia&parent=5"}],"curies":[{"name":"wp","href":"https:\/\/api.w.org\/{rel}","templated":true}]}}